{"id":49,"date":"2020-10-15T11:10:35","date_gmt":"2020-10-15T11:10:35","guid":{"rendered":"http:\/\/www.total-rehab.pl\/?page_id=49"},"modified":"2026-01-04T16:15:24","modified_gmt":"2026-01-04T16:15:24","slug":"cennik","status":"publish","type":"page","link":"https:\/\/www.total-rehab.pl\/index.php\/cennik\/","title":{"rendered":"Cennik"},"content":{"rendered":"\t\t<div data-elementor-type=\"wp-page\" data-elementor-id=\"49\" class=\"elementor elementor-49\" data-elementor-settings=\"[]\">\n\t\t\t\t\t\t<div class=\"elementor-inner\">\n\t\t\t\t\t\t\t<div class=\"elementor-section-wrap\">\n\t\t\t\t\t\t\t<section class=\"elementor-section elementor-top-section elementor-element elementor-element-9f8b1c5 elementor-section-boxed elementor-section-height-default elementor-section-height-default\" data-id=\"9f8b1c5\" data-element_type=\"section\">\n\t\t\t\t\t\t<div class=\"elementor-container elementor-column-gap-default\">\n\t\t\t\t\t\t\t<div class=\"elementor-row\">\n\t\t\t\t\t<div class=\"elementor-column elementor-col-100 elementor-top-column elementor-element elementor-element-cfd228a\" data-id=\"cfd228a\" data-element_type=\"column\">\n\t\t\t<div class=\"elementor-column-wrap elementor-element-populated\">\n\t\t\t\t\t\t\t<div class=\"elementor-widget-wrap\">\n\t\t\t\t\t\t<div class=\"elementor-element elementor-element-8f549d3 elementor-widget elementor-widget-heading\" data-id=\"8f549d3\" data-element_type=\"widget\" data-widget_type=\"heading.default\">\n\t\t\t\t<div class=\"elementor-widget-container\">\n\t\t\t<h1 class=\"elementor-heading-title elementor-size-default\">Cennik<\/h1>\t\t<\/div>\n\t\t\t\t<\/div>\n\t\t\t\t<div class=\"elementor-element elementor-element-7451924 elementor-widget elementor-widget-text-editor\" data-id=\"7451924\" data-element_type=\"widget\" data-widget_type=\"text-editor.default\">\n\t\t\t\t<div class=\"elementor-widget-container\">\n\t\t\t\t\t<div class=\"elementor-text-editor elementor-clearfix\"><ul>\n<li><span style=\"font-weight: 400;\">pierwsza wizyta 180z\u0142 Got\u00f3wka (karta 200z\u0142)<\/span><\/li>\n<li><span style=\"font-weight: 400;\">zabieg rehabilitacyjny &#8211; indywidualna terapia 50min &#8211; 180z\u0142 (200z\u0142 karta)<br><\/span><span style=\"font-weight: 400;\">(techniki z zakresu chiropraktyki , Osteopatii, Fizjoterapii, Masa\u017cu, Akupunktury)<br><\/span><\/li>\n<li>Hirudoterapia &#8211; Pijawki Lekarskie 180z\u0142 + koszt pijawek 15z\u0142\/sztuka<\/li>\n<li>Wizyta domowa 60 min&nbsp; 250z\u0142 <span style=\"font-weight: 400;\"><br><\/span><\/li>\n<\/ul><\/div>\n\t\t\t\t<\/div>\n\t\t\t\t<\/div>\n\t\t\t\t<div class=\"elementor-element elementor-element-01b5765 elementor-widget elementor-widget-text-editor\" data-id=\"01b5765\" data-element_type=\"widget\" data-widget_type=\"text-editor.default\">\n\t\t\t\t<div class=\"elementor-widget-container\">\n\t\t\t\t\t<div class=\"elementor-text-editor elementor-clearfix\">[table &#8220;&#8221; not found \/]<br \/>\n<br \/>\n<\/div>\n\t\t\t\t<\/div>\n\t\t\t\t<\/div>\n\t\t\t\t\t\t<\/div>\n\t\t\t\t\t<\/div>\n\t\t<\/div>\n\t\t\t\t\t\t\t\t<\/div>\n\t\t\t\t\t<\/div>\n\t\t<\/section>\n\t\t\t\t\t\t<\/div>\n\t\t\t\t\t\t<\/div>\n\t\t\t\t\t<\/div>\n\t\t","protected":false},"excerpt":{"rendered":"<p>Cennik pierwsza wizyta 180z\u0142 Got\u00f3wka (karta 200z\u0142) zabieg rehabilitacyjny &#8211; indywidualna terapia 50min &#8211; 180z\u0142 (200z\u0142 karta)(techniki z zakresu chiropraktyki , Osteopatii, Fizjoterapii, Masa\u017cu, Akupunktury) Hirudoterapia &#8211; Pijawki Lekarskie 180z\u0142 + koszt pijawek 15z\u0142\/sztuka Wizyta domowa 60 min&nbsp; 250z\u0142<\/p>\n","protected":false},"author":1,"featured_media":0,"parent":0,"menu_order":0,"comment_status":"closed","ping_status":"closed","template":"","meta":[],"yoast_head":"<!-- This site is optimized with the Yoast SEO plugin v15.1.1 - https:\/\/yoast.com\/wordpress\/plugins\/seo\/ -->\n<title>Cennik - Total Rehab<\/title>\n<meta name=\"robots\" content=\"index, follow, max-snippet:-1, max-image-preview:large, max-video-preview:-1\" \/>\n<link rel=\"canonical\" href=\"https:\/\/www.total-rehab.pl\/index.php\/cennik\/\" \/>\n<meta property=\"og:locale\" content=\"pl_PL\" \/>\n<meta property=\"og:type\" content=\"article\" \/>\n<meta property=\"og:title\" content=\"Cennik - Total Rehab\" \/>\n<meta property=\"og:description\" content=\"Cennik pierwsza wizyta 180z\u0142 Got\u00f3wka (karta 200z\u0142) zabieg rehabilitacyjny &#8211; indywidualna terapia 50min &#8211; 180z\u0142 (200z\u0142 karta)(techniki z zakresu chiropraktyki , Osteopatii, Fizjoterapii, Masa\u017cu, Akupunktury) Hirudoterapia &#8211; Pijawki Lekarskie 180z\u0142 + koszt pijawek 15z\u0142\/sztuka Wizyta domowa 60 min&nbsp; 250z\u0142\" \/>\n<meta property=\"og:url\" content=\"https:\/\/www.total-rehab.pl\/index.php\/cennik\/\" \/>\n<meta property=\"og:site_name\" content=\"Total Rehab\" \/>\n<meta property=\"article:modified_time\" content=\"2026-01-04T16:15:24+00:00\" \/>\n<meta name=\"twitter:card\" content=\"summary_large_image\" \/>\n<script type=\"application\/ld+json\" class=\"yoast-schema-graph\">{\"@context\":\"https:\/\/schema.org\",\"@graph\":[{\"@type\":\"WebSite\",\"@id\":\"https:\/\/www.total-rehab.pl\/#website\",\"url\":\"https:\/\/www.total-rehab.pl\/\",\"name\":\"Total Rehab\",\"description\":\"centrum terapii kr\\u0119gos\\u0142upa i narz\\u0105du ruchu\",\"potentialAction\":[{\"@type\":\"SearchAction\",\"target\":\"https:\/\/www.total-rehab.pl\/?s={search_term_string}\",\"query-input\":\"required name=search_term_string\"}],\"inLanguage\":\"pl-PL\"},{\"@type\":\"WebPage\",\"@id\":\"https:\/\/www.total-rehab.pl\/index.php\/cennik\/#webpage\",\"url\":\"https:\/\/www.total-rehab.pl\/index.php\/cennik\/\",\"name\":\"Cennik - Total Rehab\",\"isPartOf\":{\"@id\":\"https:\/\/www.total-rehab.pl\/#website\"},\"datePublished\":\"2020-10-15T11:10:35+00:00\",\"dateModified\":\"2026-01-04T16:15:24+00:00\",\"inLanguage\":\"pl-PL\",\"potentialAction\":[{\"@type\":\"ReadAction\",\"target\":[\"https:\/\/www.total-rehab.pl\/index.php\/cennik\/\"]}]}]}<\/script>\n<!-- \/ Yoast SEO plugin. -->","_links":{"self":[{"href":"https:\/\/www.total-rehab.pl\/index.php\/wp-json\/wp\/v2\/pages\/49"}],"collection":[{"href":"https:\/\/www.total-rehab.pl\/index.php\/wp-json\/wp\/v2\/pages"}],"about":[{"href":"https:\/\/www.total-rehab.pl\/index.php\/wp-json\/wp\/v2\/types\/page"}],"author":[{"embeddable":true,"href":"https:\/\/www.total-rehab.pl\/index.php\/wp-json\/wp\/v2\/users\/1"}],"replies":[{"embeddable":true,"href":"https:\/\/www.total-rehab.pl\/index.php\/wp-json\/wp\/v2\/comments?post=49"}],"version-history":[{"count":19,"href":"https:\/\/www.total-rehab.pl\/index.php\/wp-json\/wp\/v2\/pages\/49\/revisions"}],"predecessor-version":[{"id":272,"href":"https:\/\/www.total-rehab.pl\/index.php\/wp-json\/wp\/v2\/pages\/49\/revisions\/272"}],"wp:attachment":[{"href":"https:\/\/www.total-rehab.pl\/index.php\/wp-json\/wp\/v2\/media?parent=49"}],"curies":[{"name":"wp","href":"https:\/\/api.w.org\/{rel}","templated":true}]}}