{"id":185,"date":"2022-05-21T07:34:30","date_gmt":"2022-05-21T07:34:30","guid":{"rendered":"http:\/\/www.total-rehab.pl\/?page_id=185"},"modified":"2024-09-29T12:45:36","modified_gmt":"2024-09-29T12:45:36","slug":"o-mnie","status":"publish","type":"page","link":"https:\/\/www.total-rehab.pl\/index.php\/o-mnie\/","title":{"rendered":"O mnie"},"content":{"rendered":"\t\t<div data-elementor-type=\"wp-page\" data-elementor-id=\"185\" class=\"elementor elementor-185\" data-elementor-settings=\"[]\">\n\t\t\t\t\t\t<div class=\"elementor-inner\">\n\t\t\t\t\t\t\t<div class=\"elementor-section-wrap\">\n\t\t\t\t\t\t\t<section class=\"elementor-section elementor-top-section elementor-element elementor-element-a72a737 elementor-section-full_width elementor-section-stretched elementor-section-height-default elementor-section-height-default\" data-id=\"a72a737\" data-element_type=\"section\" data-settings=\"{&quot;stretch_section&quot;:&quot;section-stretched&quot;}\">\n\t\t\t\t\t\t<div class=\"elementor-container elementor-column-gap-default\">\n\t\t\t\t\t\t\t<div class=\"elementor-row\">\n\t\t\t\t\t<div class=\"elementor-column elementor-col-100 elementor-top-column elementor-element elementor-element-1b1312b\" data-id=\"1b1312b\" data-element_type=\"column\">\n\t\t\t<div class=\"elementor-column-wrap elementor-element-populated\">\n\t\t\t\t\t\t\t<div class=\"elementor-widget-wrap\">\n\t\t\t\t\t\t<section class=\"elementor-section elementor-inner-section elementor-element elementor-element-591addc elementor-section-boxed elementor-section-height-default elementor-section-height-default\" data-id=\"591addc\" data-element_type=\"section\">\n\t\t\t\t\t\t<div class=\"elementor-container elementor-column-gap-default\">\n\t\t\t\t\t\t\t<div class=\"elementor-row\">\n\t\t\t\t\t<div class=\"elementor-column elementor-col-50 elementor-inner-column elementor-element elementor-element-0a5f109\" data-id=\"0a5f109\" data-element_type=\"column\">\n\t\t\t<div class=\"elementor-column-wrap elementor-element-populated\">\n\t\t\t\t\t\t\t<div class=\"elementor-widget-wrap\">\n\t\t\t\t\t\t<div class=\"elementor-element elementor-element-89691aa elementor-widget elementor-widget-text-editor\" data-id=\"89691aa\" data-element_type=\"widget\" data-widget_type=\"text-editor.default\">\n\t\t\t\t<div class=\"elementor-widget-container\">\n\t\t\t\t\t<div class=\"elementor-text-editor elementor-clearfix\"><h3>Damian Sadurski<\/h3><p>Mgr. Fizjoterapii, Dyplomowany Akupunkturzysta, Chiropraktyk &#8222;kr\u0119garz&#8221;, Osteopata, instruktor kulturystki i fitness z wieloletnim do\u015bwiadczeniem w sportach si\u0142owych i sportach walki potwierdzonym medalami.<\/p><p>Stale poszerzam swoj\u0105 wiedz\u0119 i umiej\u0119tno\u015bci z zakresu medycyny, rehabilitacji, naturoterapii oraz zdrowia bior\u0105c udzia\u0142 w szkoleniach,<br \/>webinarach, konferencjach oraz czytaniu ksi\u0105\u017cek i publikacji, a tak\u017ce na bie\u017c\u0105co \u015bledzeniu kana\u0142\u00f3w medycznych w internecie.<\/p><\/div>\n\t\t\t\t<\/div>\n\t\t\t\t<\/div>\n\t\t\t\t\t\t<\/div>\n\t\t\t\t\t<\/div>\n\t\t<\/div>\n\t\t\t\t<div class=\"elementor-column elementor-col-50 elementor-inner-column elementor-element elementor-element-0089a4a\" data-id=\"0089a4a\" data-element_type=\"column\">\n\t\t\t<div class=\"elementor-column-wrap elementor-element-populated\">\n\t\t\t\t\t\t\t<div class=\"elementor-widget-wrap\">\n\t\t\t\t\t\t<div class=\"elementor-element elementor-element-33b9ac7 elementor-widget elementor-widget-image\" data-id=\"33b9ac7\" data-element_type=\"widget\" data-widget_type=\"image.default\">\n\t\t\t\t<div class=\"elementor-widget-container\">\n\t\t\t\t\t<div class=\"elementor-image\">\n\t\t\t\t\t\t\t\t\t\t<img width=\"762\" height=\"908\" src=\"https:\/\/www.total-rehab.pl\/wp-content\/uploads\/2020\/10\/O-mnie.png\" class=\"attachment-large size-large\" alt=\"o mnie\" loading=\"lazy\" srcset=\"https:\/\/www.total-rehab.pl\/wp-content\/uploads\/2020\/10\/O-mnie.png 762w, https:\/\/www.total-rehab.pl\/wp-content\/uploads\/2020\/10\/O-mnie-252x300.png 252w, https:\/\/www.total-rehab.pl\/wp-content\/uploads\/2020\/10\/O-mnie-230x274.png 230w, https:\/\/www.total-rehab.pl\/wp-content\/uploads\/2020\/10\/O-mnie-350x417.png 350w, https:\/\/www.total-rehab.pl\/wp-content\/uploads\/2020\/10\/O-mnie-480x572.png 480w\" sizes=\"(max-width: 762px) 100vw, 762px\" \/>\t\t\t\t\t\t\t\t\t\t\t<\/div>\n\t\t\t\t<\/div>\n\t\t\t\t<\/div>\n\t\t\t\t\t\t<\/div>\n\t\t\t\t\t<\/div>\n\t\t<\/div>\n\t\t\t\t\t\t\t\t<\/div>\n\t\t\t\t\t<\/div>\n\t\t<\/section>\n\t\t\t\t<section class=\"elementor-section elementor-inner-section elementor-element elementor-element-8c4f5e9 elementor-section-boxed elementor-section-height-default elementor-section-height-default\" data-id=\"8c4f5e9\" data-element_type=\"section\">\n\t\t\t\t\t\t<div class=\"elementor-container elementor-column-gap-default\">\n\t\t\t\t\t\t\t<div class=\"elementor-row\">\n\t\t\t\t\t<div class=\"elementor-column elementor-col-100 elementor-inner-column elementor-element elementor-element-2a712d9\" data-id=\"2a712d9\" data-element_type=\"column\">\n\t\t\t<div class=\"elementor-column-wrap elementor-element-populated\">\n\t\t\t\t\t\t\t<div class=\"elementor-widget-wrap\">\n\t\t\t\t\t\t<div class=\"elementor-element elementor-element-06c88ee elementor-widget elementor-widget-heading\" data-id=\"06c88ee\" data-element_type=\"widget\" data-widget_type=\"heading.default\">\n\t\t\t\t<div class=\"elementor-widget-container\">\n\t\t\t<h2 class=\"elementor-heading-title elementor-size-default\">Kwalifikacje i kompetencje<\/h2>\t\t<\/div>\n\t\t\t\t<\/div>\n\t\t\t\t<div class=\"elementor-element elementor-element-c32e50c elementor-widget elementor-widget-text-editor\" data-id=\"c32e50c\" data-element_type=\"widget\" data-widget_type=\"text-editor.default\">\n\t\t\t\t<div class=\"elementor-widget-container\">\n\t\t\t\t\t<div class=\"elementor-text-editor elementor-clearfix\"><ul>\n<li>Magister Fizjoterapii Akademia Nauk Stosowanych Wincentego Pola w Lublinie<\/li>\n<li>Chiropraktyk Terapeuta Manualny Nr dyplomu ADZN 348\/2018 Akademia Doskonalenia Zawodowego Naturopata kod zawodu 323004<\/li>\n<li>Chiropractor (chiroptraktyk) Callidae Manus Dr. Marco Aruffo\\<\/li>\n<li>Akupunkturzysta kod zawodu 323001<\/li>\n<li>Osteopata Terapeuta Manualny Nr 01\/06\/18 BIOTOR Terapia Naturalna<\/li>\n<li>Osteopata Terapeuta Manualny NR ADZN 183\/2018 Akademia Doskonalenia Zawodowego Naturopata kod zawodu 323010<\/li>\n<li>Chiropractic Spinal Manipulation Dr. Marco Aruffo<\/li>\n<li>Peripheral Manipulation Dr. Marco Aruffo<\/li>\n<li>Immediate Treatments Dr. Marco Aruffo<\/li>\n<li>Terapia Pijawk\u0105 Lekarsk\u0105 Human therapy<\/li>\n<li>Ig\u0142oterapia sucha &#8211; Atmis<\/li>\n<li>Kinezjologia Energetyczna Akademia kinezjologii<\/li>\n<li>Komplementarna Terapia Trzewi Human Therapy<\/li>\n<li>Mikrosystemy w komplementarnej terapii trzewi<\/li>\n<li>Komplementarna terapia pacjenta onkologicznego Maciej Obr\u0105czkiewicz<\/li>\n<li>Instruktor Rekreacji Ruchowej specjalno\u015b\u0107 Kulturystyka NR 17\/K\/WST\/08\/2013 Wy\u017csza Szko\u0142a Trenerska<\/li>\n<li>Bodybuilding instructor NO: 17\/K\/WST\/08\/2013 Wy\u017csza Szko\u0142a Trenerska<\/li>\n<li>Instruktor Fitness specjalno\u015b\u0107 expander Nr 69\/WST\/Expander \/11.08.2013\/Lublin Wy\u017csza Szko\u0142a Trenerska<\/li>\n<\/ul><\/div>\n\t\t\t\t<\/div>\n\t\t\t\t<\/div>\n\t\t\t\t<div class=\"elementor-element elementor-element-d21836d elementor-widget elementor-widget-heading\" data-id=\"d21836d\" data-element_type=\"widget\" data-widget_type=\"heading.default\">\n\t\t\t\t<div class=\"elementor-widget-container\">\n\t\t\t<h3 class=\"elementor-heading-title elementor-size-default\">W trakcie<\/h3>\t\t<\/div>\n\t\t\t\t<\/div>\n\t\t\t\t<div class=\"elementor-element elementor-element-2ebfd25 elementor-widget elementor-widget-text-editor\" data-id=\"2ebfd25\" data-element_type=\"widget\" data-widget_type=\"text-editor.default\">\n\t\t\t\t<div class=\"elementor-widget-container\">\n\t\t\t\t\t<div class=\"elementor-text-editor elementor-clearfix\"><\/div>\n\t\t\t\t<\/div>\n\t\t\t\t<\/div>\n\t\t\t\t<div class=\"elementor-element elementor-element-c4f79c9 elementor-widget elementor-widget-heading\" data-id=\"c4f79c9\" data-element_type=\"widget\" data-widget_type=\"heading.default\">\n\t\t\t\t<div class=\"elementor-widget-container\">\n\t\t\t<h3 class=\"elementor-heading-title elementor-size-default\">Uczestnik<\/h3>\t\t<\/div>\n\t\t\t\t<\/div>\n\t\t\t\t<div class=\"elementor-element elementor-element-f9c0cbe elementor-widget elementor-widget-text-editor\" data-id=\"f9c0cbe\" data-element_type=\"widget\" data-widget_type=\"text-editor.default\">\n\t\t\t\t<div class=\"elementor-widget-container\">\n\t\t\t\t\t<div class=\"elementor-text-editor elementor-clearfix\"><ul><li>Masa\u017c Tkanek G\u0142\u0119bokich<\/li><\/ul><\/div>\n\t\t\t\t<\/div>\n\t\t\t\t<\/div>\n\t\t\t\t<div class=\"elementor-element elementor-element-5ea4aa0 elementor-widget elementor-widget-heading\" data-id=\"5ea4aa0\" data-element_type=\"widget\" data-widget_type=\"heading.default\">\n\t\t\t\t<div class=\"elementor-widget-container\">\n\t\t\t<h3 class=\"elementor-heading-title elementor-size-default\">Do\u015bwiadczenie sportowe<\/h3>\t\t<\/div>\n\t\t\t\t<\/div>\n\t\t\t\t<div class=\"elementor-element elementor-element-6895637 elementor-widget elementor-widget-text-editor\" data-id=\"6895637\" data-element_type=\"widget\" data-widget_type=\"text-editor.default\">\n\t\t\t\t<div class=\"elementor-widget-container\">\n\t\t\t\t\t<div class=\"elementor-text-editor elementor-clearfix\"><p><strong>Si\u0142owanie na r\u0119k\u0119 (Armwrestling)<\/strong><\/p><ul><li>Wicemistrz Polski na r\u0119k\u0119 lew\u0105 kategoria do 78kg Warszawa 2019 Federacja FAP<\/li><li>IV miejsce na r\u0119k\u0119 praw\u0105 kategoria do 78kg Warszawa 2019 Federacja FAP<\/li><li>III miejsce w mistrzostwach szk\u00f3\u0142 ponadgimnazjalnych Kategoria Open prawa r\u0119ka Lublin 2013 Federacja FAP<\/li><li>III miejsce w mistrzostwach szk\u00f3\u0142 ponadgimnazjalnych Kategoria Open lewa r\u0119ka Lublin 2013 Federacja FAP<\/li><li>Mistrzostwo Polski na r\u0119k\u0119 praw\u0105 kategoria do 57kg Federacja FSS, Lublin 2009<\/li><li>III miejsce na mistrzostwach Polski na r\u0119k\u0119 lew\u0105 kategoria do 57kg, Federacja FSS, Lublin 2009<\/li><\/ul><p><strong>Sporty Walki:<\/strong><\/p><ul><li>Br\u0105zowy pas w Karate tradycyjnym<\/li><li>Br\u0105zowy medalista Mistrzostw Polski w Karate Tradycyjnym, Wroc\u0142aw 2006<\/li><\/ul><\/div>\n\t\t\t\t<\/div>\n\t\t\t\t<\/div>\n\t\t\t\t\t\t<\/div>\n\t\t\t\t\t<\/div>\n\t\t<\/div>\n\t\t\t\t\t\t\t\t<\/div>\n\t\t\t\t\t<\/div>\n\t\t<\/section>\n\t\t\t\t\t\t<\/div>\n\t\t\t\t\t<\/div>\n\t\t<\/div>\n\t\t\t\t\t\t\t\t<\/div>\n\t\t\t\t\t<\/div>\n\t\t<\/section>\n\t\t\t\t\t\t<\/div>\n\t\t\t\t\t\t<\/div>\n\t\t\t\t\t<\/div>\n\t\t","protected":false},"excerpt":{"rendered":"<p>Damian Sadurski Mgr. Fizjoterapii, Dyplomowany Akupunkturzysta, Chiropraktyk &#8222;kr\u0119garz&#8221;, Osteopata, instruktor kulturystki i fitness z wieloletnim do\u015bwiadczeniem w sportach si\u0142owych i sportach walki potwierdzonym medalami. Stale poszerzam swoj\u0105 wiedz\u0119 i umiej\u0119tno\u015bci z zakresu medycyny, rehabilitacji, naturoterapii oraz zdrowia bior\u0105c udzia\u0142 w szkoleniach,webinarach, konferencjach oraz czytaniu ksi\u0105\u017cek i publikacji, a tak\u017ce na bie\u017c\u0105co \u015bledzeniu kana\u0142\u00f3w medycznych w [&hellip;]<\/p>\n","protected":false},"author":1,"featured_media":0,"parent":0,"menu_order":0,"comment_status":"closed","ping_status":"closed","template":"","meta":[],"yoast_head":"<!-- This site is optimized with the Yoast SEO plugin v15.1.1 - https:\/\/yoast.com\/wordpress\/plugins\/seo\/ -->\n<title>O mnie - Total Rehab<\/title>\n<meta name=\"robots\" content=\"index, follow, max-snippet:-1, max-image-preview:large, max-video-preview:-1\" \/>\n<link rel=\"canonical\" href=\"https:\/\/www.total-rehab.pl\/index.php\/o-mnie\/\" \/>\n<meta property=\"og:locale\" content=\"pl_PL\" \/>\n<meta property=\"og:type\" content=\"article\" \/>\n<meta property=\"og:title\" content=\"O mnie - Total Rehab\" \/>\n<meta property=\"og:description\" content=\"Damian Sadurski Mgr. Fizjoterapii, Dyplomowany Akupunkturzysta, Chiropraktyk &#8222;kr\u0119garz&#8221;, Osteopata, instruktor kulturystki i fitness z wieloletnim do\u015bwiadczeniem w sportach si\u0142owych i sportach walki potwierdzonym medalami. Stale poszerzam swoj\u0105 wiedz\u0119 i umiej\u0119tno\u015bci z zakresu medycyny, rehabilitacji, naturoterapii oraz zdrowia bior\u0105c udzia\u0142 w szkoleniach,webinarach, konferencjach oraz czytaniu ksi\u0105\u017cek i publikacji, a tak\u017ce na bie\u017c\u0105co \u015bledzeniu kana\u0142\u00f3w medycznych w [&hellip;]\" \/>\n<meta property=\"og:url\" content=\"https:\/\/www.total-rehab.pl\/index.php\/o-mnie\/\" \/>\n<meta property=\"og:site_name\" content=\"Total Rehab\" \/>\n<meta property=\"article:modified_time\" content=\"2024-09-29T12:45:36+00:00\" \/>\n<meta property=\"og:image\" content=\"https:\/\/www.total-rehab.pl\/wp-content\/uploads\/2020\/10\/O-mnie.png\" \/>\n<meta name=\"twitter:card\" content=\"summary_large_image\" \/>\n<script type=\"application\/ld+json\" class=\"yoast-schema-graph\">{\"@context\":\"https:\/\/schema.org\",\"@graph\":[{\"@type\":\"WebSite\",\"@id\":\"https:\/\/www.total-rehab.pl\/#website\",\"url\":\"https:\/\/www.total-rehab.pl\/\",\"name\":\"Total Rehab\",\"description\":\"centrum terapii kr\\u0119gos\\u0142upa i narz\\u0105du ruchu\",\"potentialAction\":[{\"@type\":\"SearchAction\",\"target\":\"https:\/\/www.total-rehab.pl\/?s={search_term_string}\",\"query-input\":\"required name=search_term_string\"}],\"inLanguage\":\"pl-PL\"},{\"@type\":\"ImageObject\",\"@id\":\"https:\/\/www.total-rehab.pl\/index.php\/o-mnie\/#primaryimage\",\"inLanguage\":\"pl-PL\",\"url\":\"https:\/\/www.total-rehab.pl\/wp-content\/uploads\/2020\/10\/O-mnie.png\",\"width\":762,\"height\":908,\"caption\":\"o mnie\"},{\"@type\":\"WebPage\",\"@id\":\"https:\/\/www.total-rehab.pl\/index.php\/o-mnie\/#webpage\",\"url\":\"https:\/\/www.total-rehab.pl\/index.php\/o-mnie\/\",\"name\":\"O mnie - Total Rehab\",\"isPartOf\":{\"@id\":\"https:\/\/www.total-rehab.pl\/#website\"},\"primaryImageOfPage\":{\"@id\":\"https:\/\/www.total-rehab.pl\/index.php\/o-mnie\/#primaryimage\"},\"datePublished\":\"2022-05-21T07:34:30+00:00\",\"dateModified\":\"2024-09-29T12:45:36+00:00\",\"inLanguage\":\"pl-PL\",\"potentialAction\":[{\"@type\":\"ReadAction\",\"target\":[\"https:\/\/www.total-rehab.pl\/index.php\/o-mnie\/\"]}]}]}<\/script>\n<!-- \/ Yoast SEO plugin. -->","_links":{"self":[{"href":"https:\/\/www.total-rehab.pl\/index.php\/wp-json\/wp\/v2\/pages\/185"}],"collection":[{"href":"https:\/\/www.total-rehab.pl\/index.php\/wp-json\/wp\/v2\/pages"}],"about":[{"href":"https:\/\/www.total-rehab.pl\/index.php\/wp-json\/wp\/v2\/types\/page"}],"author":[{"embeddable":true,"href":"https:\/\/www.total-rehab.pl\/index.php\/wp-json\/wp\/v2\/users\/1"}],"replies":[{"embeddable":true,"href":"https:\/\/www.total-rehab.pl\/index.php\/wp-json\/wp\/v2\/comments?post=185"}],"version-history":[{"count":11,"href":"https:\/\/www.total-rehab.pl\/index.php\/wp-json\/wp\/v2\/pages\/185\/revisions"}],"predecessor-version":[{"id":264,"href":"https:\/\/www.total-rehab.pl\/index.php\/wp-json\/wp\/v2\/pages\/185\/revisions\/264"}],"wp:attachment":[{"href":"https:\/\/www.total-rehab.pl\/index.php\/wp-json\/wp\/v2\/media?parent=185"}],"curies":[{"name":"wp","href":"https:\/\/api.w.org\/{rel}","templated":true}]}}