{"id":148,"date":"2022-05-20T21:12:25","date_gmt":"2022-05-20T21:12:25","guid":{"rendered":"http:\/\/www.total-rehab.pl\/?page_id=148"},"modified":"2022-05-23T19:49:21","modified_gmt":"2022-05-23T19:49:21","slug":"terapia-manualna","status":"publish","type":"page","link":"https:\/\/www.total-rehab.pl\/index.php\/oferta\/terapia-manualna\/","title":{"rendered":"Terapia manualna"},"content":{"rendered":"\t\t<div data-elementor-type=\"wp-page\" data-elementor-id=\"148\" class=\"elementor elementor-148\" data-elementor-settings=\"[]\">\n\t\t\t\t\t\t<div class=\"elementor-inner\">\n\t\t\t\t\t\t\t<div class=\"elementor-section-wrap\">\n\t\t\t\t\t\t\t<section class=\"elementor-section elementor-top-section elementor-element elementor-element-fbe7747 elementor-section-stretched elementor-section-boxed elementor-section-height-default elementor-section-height-default\" data-id=\"fbe7747\" data-element_type=\"section\" data-settings=\"{&quot;stretch_section&quot;:&quot;section-stretched&quot;}\">\n\t\t\t\t\t\t<div class=\"elementor-container elementor-column-gap-default\">\n\t\t\t\t\t\t\t<div class=\"elementor-row\">\n\t\t\t\t\t<div class=\"elementor-column elementor-col-50 elementor-top-column elementor-element elementor-element-8a7b1c7\" data-id=\"8a7b1c7\" data-element_type=\"column\">\n\t\t\t<div class=\"elementor-column-wrap elementor-element-populated\">\n\t\t\t\t\t\t\t<div class=\"elementor-widget-wrap\">\n\t\t\t\t\t\t<div class=\"elementor-element elementor-element-4d9f3e0 elementor-widget elementor-widget-heading\" data-id=\"4d9f3e0\" data-element_type=\"widget\" data-widget_type=\"heading.default\">\n\t\t\t\t<div class=\"elementor-widget-container\">\n\t\t\t<h1 class=\"elementor-heading-title elementor-size-default\">Co to jest terapia manualna?\u00a0<\/h1>\t\t<\/div>\n\t\t\t\t<\/div>\n\t\t\t\t<div class=\"elementor-element elementor-element-41da1c1 elementor-widget elementor-widget-text-editor\" data-id=\"41da1c1\" data-element_type=\"widget\" data-widget_type=\"text-editor.default\">\n\t\t\t\t<div class=\"elementor-widget-container\">\n\t\t\t\t\t<div class=\"elementor-text-editor elementor-clearfix\"><p><strong>Terapia manualna <\/strong>to metoda fizjoterapii, chiropraktyki, osteopatii i masa\u017cu wykorzystuj\u0105ca ca\u0142y wachlarz technik, chwyt\u00f3w\u00a0i\u00a0pozycji u\u0142o\u017ceniowych pacjenta. W terapii manualnej stosuje si\u0119 techniki diagnostyczne oraz terapeutyczne w celu wykrycia przyczyn oraz opracowania metod leczenia schorze\u0144 kr\u0119gos\u0142upa i uk\u0142adu ruchu.<\/p><\/div>\n\t\t\t\t<\/div>\n\t\t\t\t<\/div>\n\t\t\t\t\t\t<\/div>\n\t\t\t\t\t<\/div>\n\t\t<\/div>\n\t\t\t\t<div class=\"elementor-column elementor-col-50 elementor-top-column elementor-element elementor-element-d4cae6a\" data-id=\"d4cae6a\" data-element_type=\"column\">\n\t\t\t<div class=\"elementor-column-wrap elementor-element-populated\">\n\t\t\t\t\t\t\t<div class=\"elementor-widget-wrap\">\n\t\t\t\t\t\t<div class=\"elementor-element elementor-element-6f21f3f elementor-widget elementor-widget-image\" data-id=\"6f21f3f\" data-element_type=\"widget\" data-widget_type=\"image.default\">\n\t\t\t\t<div class=\"elementor-widget-container\">\n\t\t\t\t\t<div class=\"elementor-image\">\n\t\t\t\t\t\t\t\t\t\t<img width=\"1024\" height=\"683\" src=\"https:\/\/www.total-rehab.pl\/wp-content\/uploads\/2022\/05\/terapia-manualna-3-1024x683.jpg\" class=\"attachment-large size-large\" alt=\"\" loading=\"lazy\" srcset=\"https:\/\/www.total-rehab.pl\/wp-content\/uploads\/2022\/05\/terapia-manualna-3-1024x683.jpg 1024w, https:\/\/www.total-rehab.pl\/wp-content\/uploads\/2022\/05\/terapia-manualna-3-300x200.jpg 300w, https:\/\/www.total-rehab.pl\/wp-content\/uploads\/2022\/05\/terapia-manualna-3-768x512.jpg 768w, https:\/\/www.total-rehab.pl\/wp-content\/uploads\/2022\/05\/terapia-manualna-3-1536x1024.jpg 1536w, https:\/\/www.total-rehab.pl\/wp-content\/uploads\/2022\/05\/terapia-manualna-3-2048x1365.jpg 2048w, https:\/\/www.total-rehab.pl\/wp-content\/uploads\/2022\/05\/terapia-manualna-3-830x553.jpg 830w, https:\/\/www.total-rehab.pl\/wp-content\/uploads\/2022\/05\/terapia-manualna-3-230x153.jpg 230w, https:\/\/www.total-rehab.pl\/wp-content\/uploads\/2022\/05\/terapia-manualna-3-350x233.jpg 350w, https:\/\/www.total-rehab.pl\/wp-content\/uploads\/2022\/05\/terapia-manualna-3-480x320.jpg 480w\" sizes=\"(max-width: 1024px) 100vw, 1024px\" \/>\t\t\t\t\t\t\t\t\t\t\t<\/div>\n\t\t\t\t<\/div>\n\t\t\t\t<\/div>\n\t\t\t\t\t\t<\/div>\n\t\t\t\t\t<\/div>\n\t\t<\/div>\n\t\t\t\t\t\t\t\t<\/div>\n\t\t\t\t\t<\/div>\n\t\t<\/section>\n\t\t\t\t<section class=\"elementor-section elementor-top-section elementor-element elementor-element-35c9306 elementor-section-stretched elementor-section-boxed elementor-section-height-default elementor-section-height-default\" data-id=\"35c9306\" data-element_type=\"section\" data-settings=\"{&quot;stretch_section&quot;:&quot;section-stretched&quot;}\">\n\t\t\t\t\t\t<div class=\"elementor-container elementor-column-gap-default\">\n\t\t\t\t\t\t\t<div class=\"elementor-row\">\n\t\t\t\t\t<div class=\"elementor-column elementor-col-100 elementor-top-column elementor-element elementor-element-a89fe36\" data-id=\"a89fe36\" data-element_type=\"column\">\n\t\t\t<div class=\"elementor-column-wrap elementor-element-populated\">\n\t\t\t\t\t\t\t<div class=\"elementor-widget-wrap\">\n\t\t\t\t\t\t<div class=\"elementor-element elementor-element-cf6e8e0 elementor-widget elementor-widget-heading\" data-id=\"cf6e8e0\" data-element_type=\"widget\" data-widget_type=\"heading.default\">\n\t\t\t\t<div class=\"elementor-widget-container\">\n\t\t\t<h2 class=\"elementor-heading-title elementor-size-default\">Jak dzia\u0142a terapia manualna<\/h2>\t\t<\/div>\n\t\t\t\t<\/div>\n\t\t\t\t\t\t<\/div>\n\t\t\t\t\t<\/div>\n\t\t<\/div>\n\t\t\t\t\t\t\t\t<\/div>\n\t\t\t\t\t<\/div>\n\t\t<\/section>\n\t\t\t\t<section class=\"elementor-section elementor-top-section elementor-element elementor-element-7300f4a elementor-section-stretched elementor-section-boxed elementor-section-height-default elementor-section-height-default\" data-id=\"7300f4a\" data-element_type=\"section\" data-settings=\"{&quot;stretch_section&quot;:&quot;section-stretched&quot;}\">\n\t\t\t\t\t\t<div class=\"elementor-container elementor-column-gap-default\">\n\t\t\t\t\t\t\t<div class=\"elementor-row\">\n\t\t\t\t\t<div class=\"elementor-column elementor-col-100 elementor-top-column elementor-element elementor-element-9f3c4e1\" data-id=\"9f3c4e1\" data-element_type=\"column\">\n\t\t\t<div class=\"elementor-column-wrap elementor-element-populated\">\n\t\t\t\t\t\t\t<div class=\"elementor-widget-wrap\">\n\t\t\t\t\t\t<div class=\"elementor-element elementor-element-2233e33 elementor-widget elementor-widget-text-editor\" data-id=\"2233e33\" data-element_type=\"widget\" data-widget_type=\"text-editor.default\">\n\t\t\t\t<div class=\"elementor-widget-container\">\n\t\t\t\t\t<div class=\"elementor-text-editor elementor-clearfix\"><p><strong>Terapia manualna<\/strong> jest dzia\u0142em leczenia diagnostycznego i terapeutycznego. Pozwala rozpoznawa\u0107 zaburzenia uk\u0142adu ruchu oraz poddawa\u0107 terapii zdiagnozowane, odwracalne zmiany funkcjonalne, jej elementy sk\u0142adowe to wywiad z pacjentem, badanie fizykalne oraz testy diagnostyczne. Czasem wymagane s\u0105 dodatkowe badania, jak np. zdj\u0119cie rentgenowskie czy rezonans magnetyczny. <strong>Do najistotniejszych zada\u0144 terapii manualnej nale\u017c\u0105 pomoc w odzyskaniu swobody zakresu ruchu w stawie i redukcja dolegliwo\u015bci.\u00a0<\/strong><\/p><p>Zablokowanie stawu to najpowszechniej spotykany problem w obszarze dysfunkcji narz\u0105du ruchu. Taki stan jest odwracalny i dotyczy zazwyczaj kilku kierunk\u00f3w ruchu. Klasyczne wyobra\u017cenie o <strong>medycynie manualnej<\/strong> to wykonywanie przez terapeut\u0119 zr\u00f3\u017cnicowanych technik i metod zabiegowych w postaci pchni\u0119\u0107, mobilizacji i manipulacji w \u015bci\u015ble okre\u015blonych kierunkach z odpowiedni\u0105 si\u0142\u0105 i pr\u0119dko\u015bci\u0105, stosuj\u0105c w\u0142a\u015bciwe u\u0142o\u017cenie cia\u0142a. Warto zaznaczy\u0107, \u017ce zabiegi manualne cechuje wysoka skuteczno\u015b\u0107.<\/p><p><strong>Terapia manualna<\/strong> jest indywidualn\u0105 terapi\u0105 pod konkretn\u0105 jednostk\u0119 chorobow\u0105, a jej przebieg i zastosowane techniki zale\u017c\u0105 od rodzaju szkole\u0144 na jakich uczestniczy\u0142 terapeuta.<\/p><\/div>\n\t\t\t\t<\/div>\n\t\t\t\t<\/div>\n\t\t\t\t\t\t<\/div>\n\t\t\t\t\t<\/div>\n\t\t<\/div>\n\t\t\t\t\t\t\t\t<\/div>\n\t\t\t\t\t<\/div>\n\t\t<\/section>\n\t\t\t\t<section class=\"elementor-section elementor-top-section elementor-element elementor-element-8f836c1 elementor-section-stretched elementor-section-boxed elementor-section-height-default elementor-section-height-default\" data-id=\"8f836c1\" data-element_type=\"section\" data-settings=\"{&quot;stretch_section&quot;:&quot;section-stretched&quot;}\">\n\t\t\t\t\t\t<div class=\"elementor-container elementor-column-gap-default\">\n\t\t\t\t\t\t\t<div class=\"elementor-row\">\n\t\t\t\t\t<div class=\"elementor-column elementor-col-100 elementor-top-column elementor-element elementor-element-f9692dd\" data-id=\"f9692dd\" data-element_type=\"column\">\n\t\t\t<div class=\"elementor-column-wrap elementor-element-populated\">\n\t\t\t\t\t\t\t<div class=\"elementor-widget-wrap\">\n\t\t\t\t\t\t<div class=\"elementor-element elementor-element-c257ab6 elementor-widget elementor-widget-heading\" data-id=\"c257ab6\" data-element_type=\"widget\" data-widget_type=\"heading.default\">\n\t\t\t\t<div class=\"elementor-widget-container\">\n\t\t\t<h2 class=\"elementor-heading-title elementor-size-default\"><h2><strong>Wskazania do terapii manualnej:<\/strong><\/h2><\/h2>\t\t<\/div>\n\t\t\t\t<\/div>\n\t\t\t\t\t\t<\/div>\n\t\t\t\t\t<\/div>\n\t\t<\/div>\n\t\t\t\t\t\t\t\t<\/div>\n\t\t\t\t\t<\/div>\n\t\t<\/section>\n\t\t\t\t<section class=\"elementor-section elementor-top-section elementor-element elementor-element-4a8fddc elementor-section-stretched elementor-section-boxed elementor-section-height-default elementor-section-height-default\" data-id=\"4a8fddc\" data-element_type=\"section\" data-settings=\"{&quot;stretch_section&quot;:&quot;section-stretched&quot;}\">\n\t\t\t\t\t\t<div class=\"elementor-container elementor-column-gap-default\">\n\t\t\t\t\t\t\t<div class=\"elementor-row\">\n\t\t\t\t\t<div class=\"elementor-column elementor-col-50 elementor-top-column elementor-element elementor-element-acc958b\" data-id=\"acc958b\" data-element_type=\"column\">\n\t\t\t<div class=\"elementor-column-wrap elementor-element-populated\">\n\t\t\t\t\t\t\t<div class=\"elementor-widget-wrap\">\n\t\t\t\t\t\t<div class=\"elementor-element elementor-element-491ae0c elementor-widget elementor-widget-text-editor\" data-id=\"491ae0c\" data-element_type=\"widget\" data-widget_type=\"text-editor.default\">\n\t\t\t\t<div class=\"elementor-widget-container\">\n\t\t\t\t\t<div class=\"elementor-text-editor elementor-clearfix\"><ul><li>przewlek\u0142e zespo\u0142y b\u00f3lowe<\/li><li>stany zapalne narz\u0105du ruchu<\/li><li>b\u00f3le kr\u0119gos\u0142upa<\/li><li>dyskopatia<\/li><li>rwa kluszowa<\/li><li>b\u00f3le mi\u0119\u015bni<\/li><li>nerwob\u00f3le<\/li><li>b\u00f3le g\u0142owy<\/li><li>zwyrodnienia staw\u00f3w<\/li><li>RZS<\/li><li>stwardnienie rozsiane<\/li><\/ul><\/div>\n\t\t\t\t<\/div>\n\t\t\t\t<\/div>\n\t\t\t\t\t\t<\/div>\n\t\t\t\t\t<\/div>\n\t\t<\/div>\n\t\t\t\t<div class=\"elementor-column elementor-col-50 elementor-top-column elementor-element elementor-element-908af58\" data-id=\"908af58\" data-element_type=\"column\">\n\t\t\t<div class=\"elementor-column-wrap elementor-element-populated\">\n\t\t\t\t\t\t\t<div class=\"elementor-widget-wrap\">\n\t\t\t\t\t\t<div class=\"elementor-element elementor-element-c097dc9 elementor-widget elementor-widget-text-editor\" data-id=\"c097dc9\" data-element_type=\"widget\" data-widget_type=\"text-editor.default\">\n\t\t\t\t<div class=\"elementor-widget-container\">\n\t\t\t\t\t<div class=\"elementor-text-editor elementor-clearfix\"><ul><li>nerwice<\/li><li>depresja<\/li><li>zaburzenia trawienne<\/li><li>zaburzenia narz\u0105d\u00f3w wewn\u0119trznych<\/li><li>niedow\u0142ady<\/li><li>pora\u017cenia<\/li><li>przem\u0119czenie<\/li><li>zaburzenia kr\u0105\u017ceniowe<\/li><li>przewlek\u0142y stres<\/li><li>bolesne miesi\u0105czki<\/li><li>blizny pooperacyjne<\/li><\/ul><\/div>\n\t\t\t\t<\/div>\n\t\t\t\t<\/div>\n\t\t\t\t\t\t<\/div>\n\t\t\t\t\t<\/div>\n\t\t<\/div>\n\t\t\t\t\t\t\t\t<\/div>\n\t\t\t\t\t<\/div>\n\t\t<\/section>\n\t\t\t\t<section class=\"elementor-section elementor-top-section elementor-element elementor-element-8148a3c elementor-section-stretched elementor-section-boxed elementor-section-height-default elementor-section-height-default\" data-id=\"8148a3c\" data-element_type=\"section\" data-settings=\"{&quot;stretch_section&quot;:&quot;section-stretched&quot;}\">\n\t\t\t\t\t\t<div class=\"elementor-container elementor-column-gap-default\">\n\t\t\t\t\t\t\t<div class=\"elementor-row\">\n\t\t\t\t\t<div class=\"elementor-column elementor-col-100 elementor-top-column elementor-element elementor-element-6437b96\" data-id=\"6437b96\" data-element_type=\"column\">\n\t\t\t<div class=\"elementor-column-wrap elementor-element-populated\">\n\t\t\t\t\t\t\t<div class=\"elementor-widget-wrap\">\n\t\t\t\t\t\t<div class=\"elementor-element elementor-element-5a94fd7 elementor-widget elementor-widget-heading\" data-id=\"5a94fd7\" data-element_type=\"widget\" data-widget_type=\"heading.default\">\n\t\t\t\t<div class=\"elementor-widget-container\">\n\t\t\t<h3 class=\"elementor-heading-title elementor-size-default\">Jak um\u00f3wi\u0107 si\u0119 na terapi\u0119 manualn\u0105?&nbsp;<\/h3>\t\t<\/div>\n\t\t\t\t<\/div>\n\t\t\t\t\t\t<\/div>\n\t\t\t\t\t<\/div>\n\t\t<\/div>\n\t\t\t\t\t\t\t\t<\/div>\n\t\t\t\t\t<\/div>\n\t\t<\/section>\n\t\t\t\t<section class=\"elementor-section elementor-top-section elementor-element elementor-element-34932b elementor-section-stretched elementor-section-boxed elementor-section-height-default elementor-section-height-default\" data-id=\"34932b\" data-element_type=\"section\" data-settings=\"{&quot;stretch_section&quot;:&quot;section-stretched&quot;}\">\n\t\t\t\t\t\t<div class=\"elementor-container elementor-column-gap-default\">\n\t\t\t\t\t\t\t<div class=\"elementor-row\">\n\t\t\t\t\t<div class=\"elementor-column elementor-col-100 elementor-top-column elementor-element elementor-element-7b8e7fb2\" data-id=\"7b8e7fb2\" data-element_type=\"column\">\n\t\t\t<div class=\"elementor-column-wrap elementor-element-populated\">\n\t\t\t\t\t\t\t<div class=\"elementor-widget-wrap\">\n\t\t\t\t\t\t<div class=\"elementor-element elementor-element-9000b40 elementor-widget elementor-widget-text-editor\" data-id=\"9000b40\" data-element_type=\"widget\" data-widget_type=\"text-editor.default\">\n\t\t\t\t<div class=\"elementor-widget-container\">\n\t\t\t\t\t<div class=\"elementor-text-editor elementor-clearfix\"><p>Zadzwo\u0144 lub napisz:\u00a0<\/p><\/div>\n\t\t\t\t<\/div>\n\t\t\t\t<\/div>\n\t\t\t\t<section class=\"elementor-section elementor-inner-section elementor-element elementor-element-369c6127 elementor-section-boxed elementor-section-height-default elementor-section-height-default\" data-id=\"369c6127\" data-element_type=\"section\">\n\t\t\t\t\t\t<div class=\"elementor-container elementor-column-gap-default\">\n\t\t\t\t\t\t\t<div class=\"elementor-row\">\n\t\t\t\t\t<div class=\"elementor-column elementor-col-50 elementor-inner-column elementor-element elementor-element-11679d8a\" data-id=\"11679d8a\" data-element_type=\"column\">\n\t\t\t<div class=\"elementor-column-wrap elementor-element-populated\">\n\t\t\t\t\t\t\t<div class=\"elementor-widget-wrap\">\n\t\t\t\t\t\t<div class=\"elementor-element elementor-element-5cfbb54d elementor-view-default elementor-widget elementor-widget-icon\" data-id=\"5cfbb54d\" data-element_type=\"widget\" data-widget_type=\"icon.default\">\n\t\t\t\t<div class=\"elementor-widget-container\">\n\t\t\t\t\t<div class=\"elementor-icon-wrapper\">\n\t\t\t<a class=\"elementor-icon\" href=\"http:\/\/tel.663020604\">\n\t\t\t<i aria-hidden=\"true\" class=\"fas fa-phone-alt\"><\/i>\t\t\t<\/a>\n\t\t<\/div>\n\t\t\t\t<\/div>\n\t\t\t\t<\/div>\n\t\t\t\t\t\t<\/div>\n\t\t\t\t\t<\/div>\n\t\t<\/div>\n\t\t\t\t<div class=\"elementor-column elementor-col-50 elementor-inner-column elementor-element elementor-element-5adf7865\" data-id=\"5adf7865\" data-element_type=\"column\">\n\t\t\t<div class=\"elementor-column-wrap elementor-element-populated\">\n\t\t\t\t\t\t\t<div class=\"elementor-widget-wrap\">\n\t\t\t\t\t\t<div class=\"elementor-element elementor-element-59e4d54f elementor-widget elementor-widget-text-editor\" data-id=\"59e4d54f\" data-element_type=\"widget\" data-widget_type=\"text-editor.default\">\n\t\t\t\t<div class=\"elementor-widget-container\">\n\t\t\t\t\t<div class=\"elementor-text-editor elementor-clearfix\"><h3><a href=\"http:\/\/tel.663020604\">663 020 604<\/a><\/h3><\/div>\n\t\t\t\t<\/div>\n\t\t\t\t<\/div>\n\t\t\t\t\t\t<\/div>\n\t\t\t\t\t<\/div>\n\t\t<\/div>\n\t\t\t\t\t\t\t\t<\/div>\n\t\t\t\t\t<\/div>\n\t\t<\/section>\n\t\t\t\t<section class=\"elementor-section elementor-inner-section elementor-element elementor-element-619eb2aa elementor-section-boxed elementor-section-height-default elementor-section-height-default\" data-id=\"619eb2aa\" data-element_type=\"section\">\n\t\t\t\t\t\t<div class=\"elementor-container elementor-column-gap-default\">\n\t\t\t\t\t\t\t<div class=\"elementor-row\">\n\t\t\t\t\t<div class=\"elementor-column elementor-col-50 elementor-inner-column elementor-element elementor-element-689a271f\" data-id=\"689a271f\" data-element_type=\"column\">\n\t\t\t<div class=\"elementor-column-wrap elementor-element-populated\">\n\t\t\t\t\t\t\t<div class=\"elementor-widget-wrap\">\n\t\t\t\t\t\t<div class=\"elementor-element elementor-element-78aa6c89 elementor-view-default elementor-widget elementor-widget-icon\" data-id=\"78aa6c89\" data-element_type=\"widget\" data-widget_type=\"icon.default\">\n\t\t\t\t<div class=\"elementor-widget-container\">\n\t\t\t\t\t<div class=\"elementor-icon-wrapper\">\n\t\t\t<a class=\"elementor-icon\" href=\"mailto:total.rehab.pl@gmail.com\">\n\t\t\t<i aria-hidden=\"true\" class=\"fas fa-mail-bulk\"><\/i>\t\t\t<\/a>\n\t\t<\/div>\n\t\t\t\t<\/div>\n\t\t\t\t<\/div>\n\t\t\t\t\t\t<\/div>\n\t\t\t\t\t<\/div>\n\t\t<\/div>\n\t\t\t\t<div class=\"elementor-column elementor-col-50 elementor-inner-column elementor-element elementor-element-68d04088\" data-id=\"68d04088\" data-element_type=\"column\">\n\t\t\t<div class=\"elementor-column-wrap elementor-element-populated\">\n\t\t\t\t\t\t\t<div class=\"elementor-widget-wrap\">\n\t\t\t\t\t\t<div class=\"elementor-element elementor-element-2453b859 elementor-widget elementor-widget-text-editor\" data-id=\"2453b859\" data-element_type=\"widget\" data-widget_type=\"text-editor.default\">\n\t\t\t\t<div class=\"elementor-widget-container\">\n\t\t\t\t\t<div class=\"elementor-text-editor elementor-clearfix\"><h4><a href=\"mailto:total.rehab.pl@gmail.com\" data-wplink-edit=\"true\">total.rehab.pl@gmail.com<\/a><\/h4><\/div>\n\t\t\t\t<\/div>\n\t\t\t\t<\/div>\n\t\t\t\t\t\t<\/div>\n\t\t\t\t\t<\/div>\n\t\t<\/div>\n\t\t\t\t\t\t\t\t<\/div>\n\t\t\t\t\t<\/div>\n\t\t<\/section>\n\t\t\t\t<section class=\"elementor-section elementor-inner-section elementor-element elementor-element-82c01c2 elementor-section-boxed elementor-section-height-default elementor-section-height-default\" data-id=\"82c01c2\" data-element_type=\"section\">\n\t\t\t\t\t\t<div class=\"elementor-container elementor-column-gap-default\">\n\t\t\t\t\t\t\t<div class=\"elementor-row\">\n\t\t\t\t\t<div class=\"elementor-column elementor-col-50 elementor-inner-column elementor-element elementor-element-0e6ea79\" data-id=\"0e6ea79\" data-element_type=\"column\">\n\t\t\t<div class=\"elementor-column-wrap elementor-element-populated\">\n\t\t\t\t\t\t\t<div class=\"elementor-widget-wrap\">\n\t\t\t\t\t\t<div class=\"elementor-element elementor-element-a9e7c9e elementor-shape-rounded elementor-grid-0 elementor-widget elementor-widget-social-icons\" data-id=\"a9e7c9e\" data-element_type=\"widget\" data-widget_type=\"social-icons.default\">\n\t\t\t\t<div class=\"elementor-widget-container\">\n\t\t\t\t\t<div class=\"elementor-social-icons-wrapper elementor-grid\">\n\t\t\t\t\t\t\t<div class=\"elementor-grid-item\">\n\t\t\t\t\t<a class=\"elementor-icon elementor-social-icon elementor-social-icon-facebook elementor-repeater-item-c0c4f7c\" href=\"https:\/\/www.facebook.com\/totalrehablublin\" target=\"_blank\">\n\t\t\t\t\t\t<span class=\"elementor-screen-only\">Facebook<\/span>\n\t\t\t\t\t\t<i class=\"fab fa-facebook\"><\/i>\t\t\t\t\t<\/a>\n\t\t\t\t<\/div>\n\t\t\t\t\t<\/div>\n\t\t\t\t<\/div>\n\t\t\t\t<\/div>\n\t\t\t\t\t\t<\/div>\n\t\t\t\t\t<\/div>\n\t\t<\/div>\n\t\t\t\t<div class=\"elementor-column elementor-col-50 elementor-inner-column elementor-element elementor-element-a2ab78b\" data-id=\"a2ab78b\" data-element_type=\"column\">\n\t\t\t<div class=\"elementor-column-wrap elementor-element-populated\">\n\t\t\t\t\t\t\t<div class=\"elementor-widget-wrap\">\n\t\t\t\t\t\t<div class=\"elementor-element elementor-element-682ba2c elementor-widget elementor-widget-text-editor\" data-id=\"682ba2c\" data-element_type=\"widget\" data-widget_type=\"text-editor.default\">\n\t\t\t\t<div class=\"elementor-widget-container\">\n\t\t\t\t\t<div class=\"elementor-text-editor elementor-clearfix\"><p><a href=\"https:\/\/www.facebook.com\/totalrehablublin\">https:\/\/www.facebook.com\/totalrehablublin<\/a><\/p><\/div>\n\t\t\t\t<\/div>\n\t\t\t\t<\/div>\n\t\t\t\t\t\t<\/div>\n\t\t\t\t\t<\/div>\n\t\t<\/div>\n\t\t\t\t\t\t\t\t<\/div>\n\t\t\t\t\t<\/div>\n\t\t<\/section>\n\t\t\t\t\t\t<\/div>\n\t\t\t\t\t<\/div>\n\t\t<\/div>\n\t\t\t\t\t\t\t\t<\/div>\n\t\t\t\t\t<\/div>\n\t\t<\/section>\n\t\t\t\t\t\t<\/div>\n\t\t\t\t\t\t<\/div>\n\t\t\t\t\t<\/div>\n\t\t","protected":false},"excerpt":{"rendered":"<p>Co to jest terapia manualna?&nbsp; Terapia manualna to metoda fizjoterapii, chiropraktyki, osteopatii i masa\u017cu wykorzystuj\u0105ca ca\u0142y wachlarz technik, chwyt\u00f3w&nbsp;i&nbsp;pozycji u\u0142o\u017ceniowych pacjenta. W terapii manualnej stosuje si\u0119 techniki diagnostyczne oraz terapeutyczne w celu wykrycia przyczyn oraz opracowania metod leczenia schorze\u0144 kr\u0119gos\u0142upa i uk\u0142adu ruchu. Jak dzia\u0142a terapia manualna Terapia manualna jest dzia\u0142em leczenia diagnostycznego i terapeutycznego. [&hellip;]<\/p>\n","protected":false},"author":1,"featured_media":0,"parent":98,"menu_order":0,"comment_status":"closed","ping_status":"closed","template":"","meta":[],"yoast_head":"<!-- This site is optimized with the Yoast SEO plugin v15.1.1 - https:\/\/yoast.com\/wordpress\/plugins\/seo\/ -->\n<title>Terapia manualna - Total Rehab - Terapia Manualna Lublin<\/title>\n<meta name=\"description\" content=\"Terapia manualna to metoda fizjoterapii, chiropraktyki, osteopatii i masa\u017cu. W terapii manualnej stosuje si\u0119 techniki: diagnostyczne, terapeutyczne.\" \/>\n<meta name=\"robots\" content=\"index, follow, max-snippet:-1, max-image-preview:large, max-video-preview:-1\" \/>\n<link rel=\"canonical\" href=\"https:\/\/www.total-rehab.pl\/index.php\/oferta\/terapia-manualna\/\" \/>\n<meta property=\"og:locale\" content=\"pl_PL\" \/>\n<meta property=\"og:type\" content=\"article\" \/>\n<meta property=\"og:title\" content=\"Terapia manualna - Total Rehab - Terapia Manualna Lublin\" \/>\n<meta property=\"og:description\" content=\"Terapia manualna to metoda fizjoterapii, chiropraktyki, osteopatii i masa\u017cu. W terapii manualnej stosuje si\u0119 techniki: diagnostyczne, terapeutyczne.\" \/>\n<meta property=\"og:url\" content=\"https:\/\/www.total-rehab.pl\/index.php\/oferta\/terapia-manualna\/\" \/>\n<meta property=\"og:site_name\" content=\"Total Rehab\" \/>\n<meta property=\"article:modified_time\" content=\"2022-05-23T19:49:21+00:00\" \/>\n<meta property=\"og:image\" content=\"http:\/\/www.total-rehab.pl\/wp-content\/uploads\/2022\/05\/terapia-manualna-3-1024x683.jpg\" \/>\n<meta name=\"twitter:card\" content=\"summary_large_image\" \/>\n<script type=\"application\/ld+json\" class=\"yoast-schema-graph\">{\"@context\":\"https:\/\/schema.org\",\"@graph\":[{\"@type\":\"WebSite\",\"@id\":\"https:\/\/www.total-rehab.pl\/#website\",\"url\":\"https:\/\/www.total-rehab.pl\/\",\"name\":\"Total Rehab\",\"description\":\"centrum terapii kr\\u0119gos\\u0142upa i narz\\u0105du ruchu\",\"potentialAction\":[{\"@type\":\"SearchAction\",\"target\":\"https:\/\/www.total-rehab.pl\/?s={search_term_string}\",\"query-input\":\"required name=search_term_string\"}],\"inLanguage\":\"pl-PL\"},{\"@type\":\"ImageObject\",\"@id\":\"https:\/\/www.total-rehab.pl\/index.php\/oferta\/terapia-manualna\/#primaryimage\",\"inLanguage\":\"pl-PL\",\"url\":\"http:\/\/www.total-rehab.pl\/wp-content\/uploads\/2022\/05\/terapia-manualna-3-1024x683.jpg\"},{\"@type\":\"WebPage\",\"@id\":\"https:\/\/www.total-rehab.pl\/index.php\/oferta\/terapia-manualna\/#webpage\",\"url\":\"https:\/\/www.total-rehab.pl\/index.php\/oferta\/terapia-manualna\/\",\"name\":\"Terapia manualna - Total Rehab - Terapia Manualna Lublin\",\"isPartOf\":{\"@id\":\"https:\/\/www.total-rehab.pl\/#website\"},\"primaryImageOfPage\":{\"@id\":\"https:\/\/www.total-rehab.pl\/index.php\/oferta\/terapia-manualna\/#primaryimage\"},\"datePublished\":\"2022-05-20T21:12:25+00:00\",\"dateModified\":\"2022-05-23T19:49:21+00:00\",\"description\":\"Terapia manualna to metoda fizjoterapii, chiropraktyki, osteopatii i masa\\u017cu. W terapii manualnej stosuje si\\u0119 techniki: diagnostyczne, terapeutyczne.\",\"inLanguage\":\"pl-PL\",\"potentialAction\":[{\"@type\":\"ReadAction\",\"target\":[\"https:\/\/www.total-rehab.pl\/index.php\/oferta\/terapia-manualna\/\"]}]}]}<\/script>\n<!-- \/ Yoast SEO plugin. -->","_links":{"self":[{"href":"https:\/\/www.total-rehab.pl\/index.php\/wp-json\/wp\/v2\/pages\/148"}],"collection":[{"href":"https:\/\/www.total-rehab.pl\/index.php\/wp-json\/wp\/v2\/pages"}],"about":[{"href":"https:\/\/www.total-rehab.pl\/index.php\/wp-json\/wp\/v2\/types\/page"}],"author":[{"embeddable":true,"href":"https:\/\/www.total-rehab.pl\/index.php\/wp-json\/wp\/v2\/users\/1"}],"replies":[{"embeddable":true,"href":"https:\/\/www.total-rehab.pl\/index.php\/wp-json\/wp\/v2\/comments?post=148"}],"version-history":[{"count":4,"href":"https:\/\/www.total-rehab.pl\/index.php\/wp-json\/wp\/v2\/pages\/148\/revisions"}],"predecessor-version":[{"id":209,"href":"https:\/\/www.total-rehab.pl\/index.php\/wp-json\/wp\/v2\/pages\/148\/revisions\/209"}],"up":[{"embeddable":true,"href":"https:\/\/www.total-rehab.pl\/index.php\/wp-json\/wp\/v2\/pages\/98"}],"wp:attachment":[{"href":"https:\/\/www.total-rehab.pl\/index.php\/wp-json\/wp\/v2\/media?parent=148"}],"curies":[{"name":"wp","href":"https:\/\/api.w.org\/{rel}","templated":true}]}}